{"id":1480,"date":"2021-04-19T16:19:05","date_gmt":"2021-04-19T15:19:05","guid":{"rendered":"https:\/\/www.pierre-caillet.fr\/?page_id=1480"},"modified":"2021-04-20T07:20:50","modified_gmt":"2021-04-20T06:20:50","slug":"per-aspera-ad-astra-2","status":"publish","type":"page","link":"https:\/\/www.pierre-caillet.fr\/?page_id=1480","title":{"rendered":"Per Aspera ad Astra"},"content":{"rendered":"\n<pre class=\"wp-block-preformatted has-large-font-size\">UN FILM DE FRANCK DION, PROD. PAPY3D\n(Musique Originale)\n<\/pre>\n\n\n\n<p>La journ\u00e9e ordinaire d\u2019une petite poule de m\u00e9nage besogneuse et press\u00e9e, tiraill\u00e9e entre son travail et sa famille.<\/p>\n\n\n\n<p>The daily life of a little hen housekeeper, torn between her work, her childrens and her old mother.<br> <br> <br> <\/p>\n\n\n\n<figure class=\"wp-block-embed is-type-video is-provider-vimeo wp-block-embed-vimeo wp-embed-aspect-21-9 wp-has-aspect-ratio\"><div class=\"wp-block-embed__wrapper\">\n<iframe loading=\"lazy\" title=\"Bande-Annonce \/ Trailer Per Aspera Ad Astra\" src=\"https:\/\/player.vimeo.com\/video\/321299010?dnt=1&amp;app_id=122963\" width=\"750\" height=\"319\" frameborder=\"0\" allow=\"autoplay; fullscreen; picture-in-picture\" allowfullscreen><\/iframe>\n<\/div><\/figure>\n\n\n\n<p> <br><\/p>\n\n\n\n<div class=\"wp-block-columns is-layout-flex wp-container-core-columns-is-layout-9d6595d7 wp-block-columns-is-layout-flex\">\n<div class=\"wp-block-column is-layout-flow wp-block-column-is-layout-flow\">\n<figure class=\"wp-block-image size-large\"><img loading=\"lazy\" decoding=\"async\" width=\"700\" height=\"993\" src=\"https:\/\/www.pierre-caillet.fr\/wp-content\/uploads\/2019\/04\/53607332_1869733216470294_6193067091046694912_o-700x993.jpg\" alt=\"\" class=\"wp-image-1202\" srcset=\"https:\/\/www.pierre-caillet.fr\/wp-content\/uploads\/2019\/04\/53607332_1869733216470294_6193067091046694912_o-700x993.jpg 700w, https:\/\/www.pierre-caillet.fr\/wp-content\/uploads\/2019\/04\/53607332_1869733216470294_6193067091046694912_o-212x300.jpg 212w, https:\/\/www.pierre-caillet.fr\/wp-content\/uploads\/2019\/04\/53607332_1869733216470294_6193067091046694912_o-768x1089.jpg 768w, https:\/\/www.pierre-caillet.fr\/wp-content\/uploads\/2019\/04\/53607332_1869733216470294_6193067091046694912_o-106x150.jpg 106w, https:\/\/www.pierre-caillet.fr\/wp-content\/uploads\/2019\/04\/53607332_1869733216470294_6193067091046694912_o-400x567.jpg 400w, https:\/\/www.pierre-caillet.fr\/wp-content\/uploads\/2019\/04\/53607332_1869733216470294_6193067091046694912_o.jpg 1016w\" sizes=\"auto, (max-width: 700px) 100vw, 700px\" \/><\/figure>\n<\/div>\n\n\n\n<div class=\"wp-block-column is-layout-flow wp-block-column-is-layout-flow\">\n<p>Musiciens :<br>Yoann Couix (Flute)<br>Stephane Danielides (Soubassophone)<br>Christophe Girard (Accord\u00e9on)<br>Eric Lacrouts&nbsp;(violon)<br>Guillaume Matignier (violoncelle)<br>Edward Perraud (Batterie)<br>Christophe Touzalin (Trompette)<br>Et la participation de Kent au Chant<br><br>Enregistrement &amp; Mix musique &nbsp;:<br>Thomas Vintrignier au studio Sequenza<br><br>Producteur d\u00e9l\u00e9gu\u00e9 de la musique :&nbsp;<br>Pierre Caillet<\/p>\n<\/div>\n<\/div>\n\n\n\n<p> <\/p>\n\n\n\n<p><\/p>\n\n\n\n<p class=\"has-large-font-size\"><strong> Prix et distinctions :<\/strong><\/p>\n\n\n\n<ul class=\"has-gray-background-color has-background wp-block-list\"><li>Prix Unifrance \u00ab\u00a0Moviestar\u00a0\u00bb pour un court-m\u00e9trage<\/li><li>Mention sp\u00e9ciale au Festival International du Film de Jaipur 2020<\/li><li>Meilleur court-m\u00e9trage d&rsquo;animation au World Film Festival de Montevideo 2020<\/li><li>Prix du Meilleur film d&rsquo;animation au festival New York Shorts 2020<\/li><li>Prix du Meilleur film d&rsquo;animation au Trujillo International Independent Film Festival 2020<\/li><li>Jury Special Mention au Minsk Short Movie Club Film Festival \u00ab\u00a0Nefiltravanae kino\u00a0\u00bb 2021<\/li><\/ul>\n\n\n\n<figure class=\"wp-block-embed is-type-rich is-provider-soundcloud wp-block-embed-soundcloud wp-embed-aspect-4-3 wp-has-aspect-ratio\"><div class=\"wp-block-embed__wrapper\">\n<iframe loading=\"lazy\" title=\"Per Aspera Ad Astra - Les Vrais Gens by Pierre Caillet\" width=\"750\" height=\"400\" scrolling=\"no\" frameborder=\"no\" src=\"https:\/\/w.soundcloud.com\/player\/?visual=true&#038;url=https%3A%2F%2Fapi.soundcloud.com%2Ftracks%2F590460654&#038;show_artwork=true&#038;maxwidth=750&#038;maxheight=1000&#038;dnt=1\"><\/iframe>\n<\/div><\/figure>\n","protected":false},"excerpt":{"rendered":"<p>UN FILM DE FRANCK DION, PROD. PAPY3D (Musique Originale) La journ\u00e9e ordinaire d\u2019une petite poule de m\u00e9nage besogneuse et press\u00e9e, tiraill\u00e9e entre son travail et sa famille. The daily life of a little hen housekeeper, torn between her work, her childrens and her old mother. Musiciens :Yoann Couix (Flute)Stephane Danielides (Soubassophone)Christophe Girard (Accord\u00e9on)Eric Lacrouts&nbsp;(violon)Guillaume Matignier&hellip; <a class=\"more-link\" href=\"https:\/\/www.pierre-caillet.fr\/?page_id=1480\">Poursuivre la lecture <span class=\"screen-reader-text\">Per Aspera ad Astra<\/span><\/a><\/p>\n","protected":false},"author":1,"featured_media":0,"parent":0,"menu_order":0,"comment_status":"closed","ping_status":"closed","template":"","meta":{"footnotes":""},"class_list":["post-1480","page","type-page","status-publish","hentry","entry"],"_links":{"self":[{"href":"https:\/\/www.pierre-caillet.fr\/index.php?rest_route=\/wp\/v2\/pages\/1480","targetHints":{"allow":["GET"]}}],"collection":[{"href":"https:\/\/www.pierre-caillet.fr\/index.php?rest_route=\/wp\/v2\/pages"}],"about":[{"href":"https:\/\/www.pierre-caillet.fr\/index.php?rest_route=\/wp\/v2\/types\/page"}],"author":[{"embeddable":true,"href":"https:\/\/www.pierre-caillet.fr\/index.php?rest_route=\/wp\/v2\/users\/1"}],"replies":[{"embeddable":true,"href":"https:\/\/www.pierre-caillet.fr\/index.php?rest_route=%2Fwp%2Fv2%2Fcomments&post=1480"}],"version-history":[{"count":5,"href":"https:\/\/www.pierre-caillet.fr\/index.php?rest_route=\/wp\/v2\/pages\/1480\/revisions"}],"predecessor-version":[{"id":1508,"href":"https:\/\/www.pierre-caillet.fr\/index.php?rest_route=\/wp\/v2\/pages\/1480\/revisions\/1508"}],"wp:attachment":[{"href":"https:\/\/www.pierre-caillet.fr\/index.php?rest_route=%2Fwp%2Fv2%2Fmedia&parent=1480"}],"curies":[{"name":"wp","href":"https:\/\/api.w.org\/{rel}","templated":true}]}}