{"id":1516,"date":"2021-04-20T07:30:47","date_gmt":"2021-04-20T06:30:47","guid":{"rendered":"https:\/\/www.pierre-caillet.fr\/?page_id=1516"},"modified":"2021-04-21T18:25:39","modified_gmt":"2021-04-21T17:25:39","slug":"etreintes-embraced-2","status":"publish","type":"page","link":"https:\/\/www.pierre-caillet.fr\/?page_id=1516","title":{"rendered":"Etreintes \/ Embraced"},"content":{"rendered":"\n<pre class=\"wp-block-preformatted has-large-font-size\">UN FILM DE JUSTINE VUYLSTEKER, PROD. OFFSHORE - ONF\/NFB (Musique Originale)\n<\/pre>\n\n\n\n<p>Debout \u00e0 la fen\u00eatre ouverte, une femme laisse son regard se perdre dans les nuages noirs qui obscurcissent l\u2019horizon. Elle aime deux hommes. Celui qui partage son pr\u00e9sent; celui qui a marqu\u00e9 son pass\u00e9. Immobile, elle lutte contre la remont\u00e9e des souvenirs, qui \u00e9mergent des objets, du ciel, de partout. Dans les nuages, un corps-\u00e0-corps passionn\u00e9 se dessine.<\/p>\n\n\n\n<p>Standing before an open window, a woman gazes at black clouds darkening the horizon. She loves two men\u2014the one who shares her present, and the one who marked her past. Frozen, she struggles against surging memories evoked by objects, the sky\u2014everything. In the clouds, a passionately intertwined couple appears.<br> <br> <br> <\/p>\n\n\n\n<figure class=\"wp-block-embed is-type-video is-provider-vimeo wp-block-embed-vimeo wp-embed-aspect-16-9 wp-has-aspect-ratio\"><div class=\"wp-block-embed__wrapper\">\n<iframe loading=\"lazy\" title=\"&amp;Eacute;treintes \/ Embraced (Clip)\" src=\"https:\/\/player.vimeo.com\/video\/264423907?dnt=1&amp;app_id=122963\" width=\"750\" height=\"422\" frameborder=\"0\" allow=\"autoplay; fullscreen; picture-in-picture\" allowfullscreen><\/iframe>\n<\/div><\/figure>\n\n\n\n<p> <br><\/p>\n\n\n\n<div class=\"wp-block-columns is-layout-flex wp-container-core-columns-is-layout-9d6595d7 wp-block-columns-is-layout-flex\">\n<div class=\"wp-block-column is-layout-flow wp-block-column-is-layout-flow\">\n<figure class=\"wp-block-image size-full is-resized\"><img loading=\"lazy\" decoding=\"async\" src=\"https:\/\/www.pierre-caillet.fr\/wp-content\/uploads\/2021\/04\/media.jpg\" alt=\"\" class=\"wp-image-1296\" width=\"320\" height=\"480\" srcset=\"https:\/\/www.pierre-caillet.fr\/wp-content\/uploads\/2021\/04\/media.jpg 640w, https:\/\/www.pierre-caillet.fr\/wp-content\/uploads\/2021\/04\/media-200x300.jpg 200w\" sizes=\"auto, (max-width: 320px) 100vw, 320px\" \/><\/figure>\n<\/div>\n\n\n\n<div class=\"wp-block-column is-layout-flow wp-block-column-is-layout-flow\">\n<p>Musiciens :<br>Eric Lacrouts&nbsp;(violon)<br>Guillaume Matignier (violoncelle)<\/p>\n<\/div>\n<\/div>\n\n\n\n<p> <\/p>\n\n\n\n<p><\/p>\n\n\n\n<p class=\"has-large-font-size\"><strong> Prix et distinctions :<\/strong><\/p>\n\n\n\n<ul class=\"has-gray-background-color has-background wp-block-list\"><li>S\u00e9lectionn\u00e9 pour les C\u00e9sar 2019<\/li><li>Prix Best Classic Animation Style au Los Angeles Animation Festival 2018<\/li><li>Mention Sp\u00e9ciale Koji Yamamura au Glas Animation Festival 2019<\/li><li>Prix sp\u00e9cial de la comp\u00e9tition Internationale \u00e0 Animav\u00ec Festival 2019<\/li><li><strong>Prix de la meilleure musique au Zabut- Festival Internazionale di Corti d\u2019Animazione 2020<\/strong><\/li><\/ul>\n\n\n\n<figure class=\"wp-block-embed is-type-rich is-provider-soundcloud wp-block-embed-soundcloud wp-embed-aspect-4-3 wp-has-aspect-ratio\"><div class=\"wp-block-embed__wrapper\">\n<iframe loading=\"lazy\" title=\"Etreintes by Pierre Caillet\" width=\"750\" height=\"400\" scrolling=\"no\" frameborder=\"no\" src=\"https:\/\/w.soundcloud.com\/player\/?visual=true&#038;url=https%3A%2F%2Fapi.soundcloud.com%2Ftracks%2F365772416&#038;show_artwork=true&#038;maxwidth=750&#038;maxheight=1000&#038;dnt=1\"><\/iframe>\n<\/div><\/figure>\n","protected":false},"excerpt":{"rendered":"<p>UN FILM DE JUSTINE VUYLSTEKER, PROD. OFFSHORE &#8211; ONF\/NFB (Musique Originale) Debout \u00e0 la fen\u00eatre ouverte, une femme laisse son regard se perdre dans les nuages noirs qui obscurcissent l\u2019horizon. Elle aime deux hommes. Celui qui partage son pr\u00e9sent; celui qui a marqu\u00e9 son pass\u00e9. Immobile, elle lutte contre la remont\u00e9e des souvenirs, qui \u00e9mergent&hellip; <a class=\"more-link\" href=\"https:\/\/www.pierre-caillet.fr\/?page_id=1516\">Poursuivre la lecture <span class=\"screen-reader-text\">Etreintes \/ Embraced<\/span><\/a><\/p>\n","protected":false},"author":1,"featured_media":0,"parent":0,"menu_order":0,"comment_status":"closed","ping_status":"closed","template":"","meta":{"footnotes":""},"class_list":["post-1516","page","type-page","status-publish","hentry","entry"],"_links":{"self":[{"href":"https:\/\/www.pierre-caillet.fr\/index.php?rest_route=\/wp\/v2\/pages\/1516","targetHints":{"allow":["GET"]}}],"collection":[{"href":"https:\/\/www.pierre-caillet.fr\/index.php?rest_route=\/wp\/v2\/pages"}],"about":[{"href":"https:\/\/www.pierre-caillet.fr\/index.php?rest_route=\/wp\/v2\/types\/page"}],"author":[{"embeddable":true,"href":"https:\/\/www.pierre-caillet.fr\/index.php?rest_route=\/wp\/v2\/users\/1"}],"replies":[{"embeddable":true,"href":"https:\/\/www.pierre-caillet.fr\/index.php?rest_route=%2Fwp%2Fv2%2Fcomments&post=1516"}],"version-history":[{"count":2,"href":"https:\/\/www.pierre-caillet.fr\/index.php?rest_route=\/wp\/v2\/pages\/1516\/revisions"}],"predecessor-version":[{"id":1587,"href":"https:\/\/www.pierre-caillet.fr\/index.php?rest_route=\/wp\/v2\/pages\/1516\/revisions\/1587"}],"wp:attachment":[{"href":"https:\/\/www.pierre-caillet.fr\/index.php?rest_route=%2Fwp%2Fv2%2Fmedia&parent=1516"}],"curies":[{"name":"wp","href":"https:\/\/api.w.org\/{rel}","templated":true}]}}