{"id":1518,"date":"2021-04-20T07:38:58","date_gmt":"2021-04-20T06:38:58","guid":{"rendered":"https:\/\/www.pierre-caillet.fr\/?page_id=1518"},"modified":"2021-04-20T07:40:23","modified_gmt":"2021-04-20T06:40:23","slug":"une-tete-disparait-the-head-vanishes-2","status":"publish","type":"page","link":"https:\/\/www.pierre-caillet.fr\/?page_id=1518","title":{"rendered":"Une t\u00eate disparait \/ The head vanishes"},"content":{"rendered":"\n<pre class=\"wp-block-preformatted has-large-font-size\">UN FILM DE FRANCK DION, PROD. PAPY3D\n(Musique Originale)\n<\/pre>\n\n\n\n<p>Jacqueline n\u2019a plus toute sa t\u00eate mais qu\u2019importe, pour son voyage au bord de la mer, elle a d\u00e9cid\u00e9 de prendre le train toute seule, comme une grande !<\/p>\n\n\n\n<p>Jacqueline has lost her mind a bit, but whatever, for her trip to the seaside, she has decided to take the train by herself, like a big girl!<br> <br> <br> <\/p>\n\n\n\n<figure class=\"wp-block-video\"><video controls src=\"https:\/\/www.pierre-caillet.fr\/emergence\/utd.mp4\"><\/video><\/figure>\n\n\n\n<p> <br><\/p>\n\n\n\n<div class=\"wp-block-columns is-layout-flex wp-container-core-columns-is-layout-9d6595d7 wp-block-columns-is-layout-flex\">\n<div class=\"wp-block-column is-layout-flow wp-block-column-is-layout-flow\">\n<figure class=\"wp-block-image size-full is-resized\"><img loading=\"lazy\" decoding=\"async\" src=\"https:\/\/www.pierre-caillet.fr\/wp-content\/uploads\/2016\/02\/affiche-une-tete.jpg\" alt=\"\" class=\"wp-image-939\" width=\"339\" height=\"480\" srcset=\"https:\/\/www.pierre-caillet.fr\/wp-content\/uploads\/2016\/02\/affiche-une-tete.jpg 678w, https:\/\/www.pierre-caillet.fr\/wp-content\/uploads\/2016\/02\/affiche-une-tete-212x300.jpg 212w, https:\/\/www.pierre-caillet.fr\/wp-content\/uploads\/2016\/02\/affiche-une-tete-106x150.jpg 106w, https:\/\/www.pierre-caillet.fr\/wp-content\/uploads\/2016\/02\/affiche-une-tete-400x566.jpg 400w\" sizes=\"auto, (max-width: 339px) 100vw, 339px\" \/><\/figure>\n<\/div>\n\n\n\n<div class=\"wp-block-column is-layout-flow wp-block-column-is-layout-flow\">\n<p>Musiciens :<br>Akosh (saxophone)<br>Ludovic Balla (violon)<br>Edward Perraud (batterie)<br><br>Enregistrement &amp; Mix musique &nbsp;:Thomas Vintrignier au studio Sequenza<br><br>Producteur d\u00e9l\u00e9gu\u00e9 de la musique :&nbsp;Pierre Caillet<\/p>\n<\/div>\n<\/div>\n\n\n\n<p> <\/p>\n\n\n\n<p><\/p>\n\n\n\n<p class=\"has-large-font-size\"><strong> Prix et distinctions :<\/strong><\/p>\n\n\n\n<ul class=\"has-gray-background-color has-background wp-block-list\"><li>Cristal du meilleur court-m\u00e9trage au Festival International d\u2019animation 2016 d\u2019Annecy<\/li><li>Meilleur court-m\u00e9trage d\u2019animation au festival Imaginaria 2016 de&nbsp;Conversano<\/li><li>Prix Unifrance au festival Off Courts 2016 de Trouville<\/li><li>Prix de la Meilleure Mise en Sc\u00e8ne au Festival International du Film d\u2019Animation 2016 de Paris<\/li><li>Prix d\u2019animation au festival du film court de l\u2019Isle-Adam 2016<\/li><li><strong>Coup de C\u0153ur Musical du jury pour le travail de Pierre Caillet dans les films \u00ab&nbsp;R\u00eave d\u2019enfant&nbsp;\u00bb, \u00ab&nbsp;Dans les eaux profondes&nbsp;\u00bb et \u00ab&nbsp;Une T\u00eate dispara\u00eet&nbsp;\u00bb au Festival International du Film d\u2019Animation de Paris 2016<\/strong><\/li><li>Best Animation Award au Festival New York City Shorts 2016<\/li><li>Mention sp\u00e9ciale du Jury au festival S\u00e9quence Court-m\u00e9trage de Toulouse 2016<\/li><li>Prix du meilleur sc\u00e9nario au festival Multivision de Saint-Petersbourg 2016<\/li><li>Prix du public au festival Tous Courts d\u2019Aix en Provence 2016<\/li><li>Prix du meilleur sc\u00e9nario canadien au&nbsp;Whistler Film Festival 2016<\/li><li>Grand Prix du Jury aux Nuits Magiques de B\u00e8gles 2016<\/li><li>Second prix pour un court-m\u00e9trage au Cairo International Animation Forum 2017<\/li><li>Prix du meilleur court-m\u00e9trage au festival international du film de Miami 2017<\/li><li>Prix sp\u00e9cial du jury au festival de Meknes 2017<\/li><li>Prix du meilleur film d\u2019animation au festival L\u2019ombre d\u2019un court 2017<\/li><li>Mention sp\u00e9ciale du Jury au Festival international du film de Seattle 2017<\/li><li>Grand Prix du Jury et Prix du meilleur film d\u2019animation \u00e0 Palm Springs Short Fest 201<\/li><li>Best Animation au Los Angeles Short Fest 2017<\/li><li>Venus de la Meilleure Animation \u00e0 Badalona Filmets 2017<\/li><li>Prix sp\u00e9cial du jury pour un court-m\u00e9trage au festival Erevan ReAnimania 2017<\/li><li>S\u00e9lectionn\u00e9 pour les C\u00e9sars 2017<\/li><li>Short-list\u00e9 pour les Oscars 2016<\/li><li>Nomm\u00e9 aux Prix G\u00e9meaux 2017<\/li><\/ul>\n\n\n\n<figure class=\"wp-block-embed is-type-rich is-provider-soundcloud wp-block-embed-soundcloud wp-embed-aspect-4-3 wp-has-aspect-ratio\"><div class=\"wp-block-embed__wrapper\">\n<iframe loading=\"lazy\" title=\"Une Tete Disparait - g\u00e9n\u00e9rique de fin by Pierre Caillet\" width=\"750\" height=\"400\" scrolling=\"no\" frameborder=\"no\" src=\"https:\/\/w.soundcloud.com\/player\/?visual=true&#038;url=https%3A%2F%2Fapi.soundcloud.com%2Ftracks%2F265845475&#038;show_artwork=true&#038;maxwidth=750&#038;maxheight=1000&#038;dnt=1\"><\/iframe>\n<\/div><\/figure>\n","protected":false},"excerpt":{"rendered":"<p>UN FILM DE FRANCK DION, PROD. PAPY3D (Musique Originale) Jacqueline n\u2019a plus toute sa t\u00eate mais qu\u2019importe, pour son voyage au bord de la mer, elle a d\u00e9cid\u00e9 de prendre le train toute seule, comme une grande ! Jacqueline has lost her mind a bit, but whatever, for her trip to the seaside, she has&hellip; <a class=\"more-link\" href=\"https:\/\/www.pierre-caillet.fr\/?page_id=1518\">Poursuivre la lecture <span class=\"screen-reader-text\">Une t\u00eate disparait \/ The head vanishes<\/span><\/a><\/p>\n","protected":false},"author":1,"featured_media":0,"parent":0,"menu_order":0,"comment_status":"closed","ping_status":"closed","template":"","meta":{"footnotes":""},"class_list":["post-1518","page","type-page","status-publish","hentry","entry"],"_links":{"self":[{"href":"https:\/\/www.pierre-caillet.fr\/index.php?rest_route=\/wp\/v2\/pages\/1518","targetHints":{"allow":["GET"]}}],"collection":[{"href":"https:\/\/www.pierre-caillet.fr\/index.php?rest_route=\/wp\/v2\/pages"}],"about":[{"href":"https:\/\/www.pierre-caillet.fr\/index.php?rest_route=\/wp\/v2\/types\/page"}],"author":[{"embeddable":true,"href":"https:\/\/www.pierre-caillet.fr\/index.php?rest_route=\/wp\/v2\/users\/1"}],"replies":[{"embeddable":true,"href":"https:\/\/www.pierre-caillet.fr\/index.php?rest_route=%2Fwp%2Fv2%2Fcomments&post=1518"}],"version-history":[{"count":2,"href":"https:\/\/www.pierre-caillet.fr\/index.php?rest_route=\/wp\/v2\/pages\/1518\/revisions"}],"predecessor-version":[{"id":1520,"href":"https:\/\/www.pierre-caillet.fr\/index.php?rest_route=\/wp\/v2\/pages\/1518\/revisions\/1520"}],"wp:attachment":[{"href":"https:\/\/www.pierre-caillet.fr\/index.php?rest_route=%2Fwp%2Fv2%2Fmedia&parent=1518"}],"curies":[{"name":"wp","href":"https:\/\/api.w.org\/{rel}","templated":true}]}}